{"id":366,"date":"2025-04-09T19:50:04","date_gmt":"2025-04-09T17:50:04","guid":{"rendered":"https:\/\/solaver.eu\/szallitasi-es-fizetesi-feltetelek\/"},"modified":"2025-04-09T19:50:24","modified_gmt":"2025-04-09T17:50:24","slug":"conditions-of-employment-and-payment","status":"publish","type":"page","link":"https:\/\/solaver.eu\/en\/conditions-of-employment-and-payment\/","title":{"rendered":"Delivery and payment terms"},"content":{"rendered":"<div data-elementor-type=\"wp-page\" data-elementor-id=\"366\" class=\"elementor elementor-366\" data-elementor-post-type=\"page\">\n\t\t\t\t<div class=\"elementor-element elementor-element-1f7f4959 e-flex e-con-boxed e-con e-parent\" data-id=\"1f7f4959\" data-element_type=\"container\" data-settings=\"{&quot;background_background&quot;:&quot;classic&quot;}\">\n\t\t\t\t\t<div class=\"e-con-inner\">\n\t\t<div class=\"elementor-element elementor-element-6a7ad784 e-con-full e-flex e-con e-child\" data-id=\"6a7ad784\" data-element_type=\"container\">\n\t\t\t\t<div class=\"elementor-element elementor-element-97b1d12 elementor-widget elementor-widget-heading\" data-id=\"97b1d12\" data-element_type=\"widget\" data-widget_type=\"heading.default\">\n\t\t\t\t<div class=\"elementor-widget-container\">\n\t\t\t\t\t<h1 class=\"elementor-heading-title elementor-size-default\">Delivery and payment terms<\/h1>\t\t\t\t<\/div>\n\t\t\t\t<\/div>\n\t\t\t\t<\/div>\n\t\t\t\t\t<\/div>\n\t\t\t\t<\/div>\n\t\t<div class=\"elementor-element elementor-element-f2783e0 e-flex e-con-boxed e-con e-parent\" data-id=\"f2783e0\" data-element_type=\"container\">\n\t\t\t\t\t<div class=\"e-con-inner\">\n\t\t<div class=\"elementor-element elementor-element-4c1aef44 e-con-full e-flex e-con e-child\" data-id=\"4c1aef44\" data-element_type=\"container\">\n\t\t\t\t<div class=\"elementor-element elementor-element-38721b5d elementor-widget elementor-widget-text-editor\" data-id=\"38721b5d\" data-element_type=\"widget\" data-widget_type=\"text-editor.default\">\n\t\t\t\t<div class=\"elementor-widget-container\">\n\t\t\t\t\t\t\t\t\t<p>This page is intended as a guide. We assume no responsibility for its use. If you would like a personalised statement for your website, please contact an Internet lawyer.<\/p>\t\t\t\t\t\t\t\t<\/div>\n\t\t\t\t<\/div>\n\t\t\t\t<div class=\"elementor-element elementor-element-4e111f90 elementor-widget elementor-widget-heading\" data-id=\"4e111f90\" data-element_type=\"widget\" data-widget_type=\"heading.default\">\n\t\t\t\t<div class=\"elementor-widget-container\">\n\t\t\t\t\t<h2 class=\"elementor-heading-title elementor-size-default\">Delivery conditions<\/h2>\t\t\t\t<\/div>\n\t\t\t\t<\/div>\n\t\t\t\t<div class=\"elementor-element elementor-element-4341f45 elementor-widget elementor-widget-text-editor\" data-id=\"4341f45\" data-element_type=\"widget\" data-widget_type=\"text-editor.default\">\n\t\t\t\t<div class=\"elementor-widget-container\">\n\t\t\t\t\t\t\t\t\t<p>Website: <strong>https:\/\/domained.hu\/<\/strong><br \/>E-mail: <strong>hello@domained.hu<\/strong><\/p><p>We will send you an electronic confirmation of your order. After the order has been placed, the delivery of the parcels will be <strong>[NAME OF COURIER]<\/strong> by courier service.<\/p><p>Delivery of our products <strong>within 2-5 days<\/strong> happens <strong>every working day from 09.00 to 17.00<\/strong> Between.<\/p><p>The shipping cost of the product will be explained by the online store during the checkout process.<\/p><p>We recommend that you make sure to specify a delivery location where you or your representative can be found by our courier if it arrives between 09.00 and 17.00. This can be your home address, workplace or other planned location.<\/p><p>If you choose to pay by cash on delivery, please also ensure that you have the necessary funds to pay the invoice if you are not expecting the parcel but a representative is. When ordering, you can enter your delivery details in the comment box (e.g. doorbell, porter, agent, etc.).<\/p><p>If you encounter any problems with your delivery, please call our contracted logistics partner, the <strong>[NAME OF COURIER]<\/strong> The customer service phone number of the courier service, where you can get accurate information by using the tracking code you received in the confirmation letter.<\/p>\t\t\t\t\t\t\t\t<\/div>\n\t\t\t\t<\/div>\n\t\t\t\t<div class=\"elementor-element elementor-element-2935de42 elementor-widget elementor-widget-text-editor\" data-id=\"2935de42\" data-element_type=\"widget\" data-widget_type=\"text-editor.default\">\n\t\t\t\t<div class=\"elementor-widget-container\">\n\t\t\t\t\t\t\t\t\t<p>Budapest, 2025.02.13.<\/p>\t\t\t\t\t\t\t\t<\/div>\n\t\t\t\t<\/div>\n\t\t\t\t<\/div>\n\t\t\t\t\t<\/div>\n\t\t\t\t<\/div>\n\t\t\t\t<\/div>","protected":false},"excerpt":{"rendered":"<p>Sz\u00e1ll\u00edt\u00e1si \u00e9s fizet\u00e9si felt\u00e9telek Jelen oldal \u00fatmutat\u00f3k\u00e9nt szolg\u00e1l. Semmilyen felel\u0151ss\u00e9get nem v\u00e1llalunk haszn\u00e1lat\u00e1\u00e9rt. Amennyiben szem\u00e9lyre szabott nyilatkozatot szeretn\u00e9l weboldaladra, k\u00e9rj\u00fck, keress fel internetes jog\u00e1szt. Sz\u00e1ll\u00edt\u00e1si felt\u00e9telek Weboldal: https:\/\/domained.hu\/E-mail: hello@domained.hu A leadott megrendel\u00e9sr\u0151l visszaigazol\u00e1st k\u00fcld\u00fcnk elektronikus form\u00e1ban. A megrendel\u00e9st k\u00f6vet\u0151en a csomagok kisz\u00e1ll\u00edt\u00e1s\u00e1t a [FUT\u00c1RSZOG\u00c1LAT NEVE] fut\u00e1rszolg\u00e1lat v\u00e9gzi. Term\u00e9keink kisz\u00e1ll\u00edt\u00e1sa 2-5 napon bel\u00fcl t\u00f6rt\u00e9nik minden munkanap [&hellip;]<\/p>","protected":false},"author":1,"featured_media":0,"parent":0,"menu_order":0,"comment_status":"closed","ping_status":"closed","template":"","meta":{"footnotes":""},"class_list":["post-366","page","type-page","status-publish","hentry"],"yoast_head":"<!-- This site is optimized with the Yoast SEO plugin v25.4 - https:\/\/yoast.com\/wordpress\/plugins\/seo\/ -->\n<title>Sz\u00e1ll\u00edt\u00e1si \u00e9s fizet\u00e9si felt\u00e9telek - My Blog<\/title>\n<meta name=\"robots\" content=\"index, follow, max-snippet:-1, max-image-preview:large, max-video-preview:-1\" \/>\n<link rel=\"canonical\" href=\"https:\/\/solaver.eu\/en\/conditions-of-employment-and-payment\/\" \/>\n<meta property=\"og:locale\" content=\"en_GB\" \/>\n<meta property=\"og:type\" content=\"article\" \/>\n<meta property=\"og:title\" content=\"Sz\u00e1ll\u00edt\u00e1si \u00e9s fizet\u00e9si felt\u00e9telek - My Blog\" \/>\n<meta property=\"og:description\" content=\"Sz\u00e1ll\u00edt\u00e1si \u00e9s fizet\u00e9si felt\u00e9telek Jelen oldal \u00fatmutat\u00f3k\u00e9nt szolg\u00e1l. Semmilyen felel\u0151ss\u00e9get nem v\u00e1llalunk haszn\u00e1lat\u00e1\u00e9rt. Amennyiben szem\u00e9lyre szabott nyilatkozatot szeretn\u00e9l weboldaladra, k\u00e9rj\u00fck, keress fel internetes jog\u00e1szt. Sz\u00e1ll\u00edt\u00e1si felt\u00e9telek Weboldal: https:\/\/domained.hu\/E-mail: hello@domained.hu A leadott megrendel\u00e9sr\u0151l visszaigazol\u00e1st k\u00fcld\u00fcnk elektronikus form\u00e1ban. A megrendel\u00e9st k\u00f6vet\u0151en a csomagok kisz\u00e1ll\u00edt\u00e1s\u00e1t a [FUT\u00c1RSZOG\u00c1LAT NEVE] fut\u00e1rszolg\u00e1lat v\u00e9gzi. Term\u00e9keink kisz\u00e1ll\u00edt\u00e1sa 2-5 napon bel\u00fcl t\u00f6rt\u00e9nik minden munkanap [&hellip;]\" \/>\n<meta property=\"og:url\" content=\"https:\/\/solaver.eu\/en\/conditions-of-employment-and-payment\/\" \/>\n<meta property=\"og:site_name\" content=\"My Blog\" \/>\n<meta property=\"article:publisher\" content=\"https:\/\/www.facebook.com\/profile.php?id=61571803616099\" \/>\n<meta property=\"article:modified_time\" content=\"2025-04-09T17:50:24+00:00\" \/>\n<meta name=\"twitter:card\" content=\"summary_large_image\" \/>\n<meta name=\"twitter:label1\" content=\"Estimated reading time\" \/>\n\t<meta name=\"twitter:data1\" content=\"2 minutes\" \/>\n<script type=\"application\/ld+json\" class=\"yoast-schema-graph\">{\"@context\":\"https:\/\/schema.org\",\"@graph\":[{\"@type\":\"WebPage\",\"@id\":\"https:\/\/solaver.eu\/szallitasi-es-fizetesi-feltetelek\/\",\"url\":\"https:\/\/solaver.eu\/szallitasi-es-fizetesi-feltetelek\/\",\"name\":\"Sz\u00e1ll\u00edt\u00e1si \u00e9s fizet\u00e9si felt\u00e9telek - My Blog\",\"isPartOf\":{\"@id\":\"https:\/\/solaver.eu\/#website\"},\"datePublished\":\"2025-04-09T17:50:04+00:00\",\"dateModified\":\"2025-04-09T17:50:24+00:00\",\"breadcrumb\":{\"@id\":\"https:\/\/solaver.eu\/szallitasi-es-fizetesi-feltetelek\/#breadcrumb\"},\"inLanguage\":\"en-GB\",\"potentialAction\":[{\"@type\":\"ReadAction\",\"target\":[\"https:\/\/solaver.eu\/szallitasi-es-fizetesi-feltetelek\/\"]}]},{\"@type\":\"BreadcrumbList\",\"@id\":\"https:\/\/solaver.eu\/szallitasi-es-fizetesi-feltetelek\/#breadcrumb\",\"itemListElement\":[{\"@type\":\"ListItem\",\"position\":1,\"name\":\"Kezd\u0151lap\",\"item\":\"https:\/\/solaver.eu\/\"},{\"@type\":\"ListItem\",\"position\":2,\"name\":\"Sz\u00e1ll\u00edt\u00e1si \u00e9s fizet\u00e9si felt\u00e9telek\"}]},{\"@type\":\"WebSite\",\"@id\":\"https:\/\/solaver.eu\/#website\",\"url\":\"https:\/\/solaver.eu\/\",\"name\":\"Solaver Apartments\",\"description\":\"My WordPress Blog\",\"publisher\":{\"@id\":\"https:\/\/solaver.eu\/#organization\"},\"potentialAction\":[{\"@type\":\"SearchAction\",\"target\":{\"@type\":\"EntryPoint\",\"urlTemplate\":\"https:\/\/solaver.eu\/?s={search_term_string}\"},\"query-input\":{\"@type\":\"PropertyValueSpecification\",\"valueRequired\":true,\"valueName\":\"search_term_string\"}}],\"inLanguage\":\"en-GB\"},{\"@type\":\"Organization\",\"@id\":\"https:\/\/solaver.eu\/#organization\",\"name\":\"Solaver Apartments\",\"url\":\"https:\/\/solaver.eu\/\",\"logo\":{\"@type\":\"ImageObject\",\"inLanguage\":\"en-GB\",\"@id\":\"https:\/\/solaver.eu\/#\/schema\/logo\/image\/\",\"url\":\"https:\/\/solaver.eu\/wp-content\/uploads\/2025\/04\/image.png\",\"contentUrl\":\"https:\/\/solaver.eu\/wp-content\/uploads\/2025\/04\/image.png\",\"width\":1024,\"height\":1024,\"caption\":\"Solaver Apartments\"},\"image\":{\"@id\":\"https:\/\/solaver.eu\/#\/schema\/logo\/image\/\"},\"sameAs\":[\"https:\/\/www.facebook.com\/profile.php?id=61571803616099\"]}]}<\/script>\n<!-- \/ Yoast SEO plugin. -->","yoast_head_json":{"title":"Terms of delivery and payment - My Blog","robots":{"index":"index","follow":"follow","max-snippet":"max-snippet:-1","max-image-preview":"max-image-preview:large","max-video-preview":"max-video-preview:-1"},"canonical":"https:\/\/solaver.eu\/en\/conditions-of-employment-and-payment\/","og_locale":"en_GB","og_type":"article","og_title":"Sz\u00e1ll\u00edt\u00e1si \u00e9s fizet\u00e9si felt\u00e9telek - My Blog","og_description":"Sz\u00e1ll\u00edt\u00e1si \u00e9s fizet\u00e9si felt\u00e9telek Jelen oldal \u00fatmutat\u00f3k\u00e9nt szolg\u00e1l. Semmilyen felel\u0151ss\u00e9get nem v\u00e1llalunk haszn\u00e1lat\u00e1\u00e9rt. Amennyiben szem\u00e9lyre szabott nyilatkozatot szeretn\u00e9l weboldaladra, k\u00e9rj\u00fck, keress fel internetes jog\u00e1szt. Sz\u00e1ll\u00edt\u00e1si felt\u00e9telek Weboldal: https:\/\/domained.hu\/E-mail: hello@domained.hu A leadott megrendel\u00e9sr\u0151l visszaigazol\u00e1st k\u00fcld\u00fcnk elektronikus form\u00e1ban. A megrendel\u00e9st k\u00f6vet\u0151en a csomagok kisz\u00e1ll\u00edt\u00e1s\u00e1t a [FUT\u00c1RSZOG\u00c1LAT NEVE] fut\u00e1rszolg\u00e1lat v\u00e9gzi. Term\u00e9keink kisz\u00e1ll\u00edt\u00e1sa 2-5 napon bel\u00fcl t\u00f6rt\u00e9nik minden munkanap [&hellip;]","og_url":"https:\/\/solaver.eu\/en\/conditions-of-employment-and-payment\/","og_site_name":"My Blog","article_publisher":"https:\/\/www.facebook.com\/profile.php?id=61571803616099","article_modified_time":"2025-04-09T17:50:24+00:00","twitter_card":"summary_large_image","twitter_misc":{"Estimated reading time":"2 minutes"},"schema":{"@context":"https:\/\/schema.org","@graph":[{"@type":"WebPage","@id":"https:\/\/solaver.eu\/szallitasi-es-fizetesi-feltetelek\/","url":"https:\/\/solaver.eu\/szallitasi-es-fizetesi-feltetelek\/","name":"Terms of delivery and payment - My Blog","isPartOf":{"@id":"https:\/\/solaver.eu\/#website"},"datePublished":"2025-04-09T17:50:04+00:00","dateModified":"2025-04-09T17:50:24+00:00","breadcrumb":{"@id":"https:\/\/solaver.eu\/szallitasi-es-fizetesi-feltetelek\/#breadcrumb"},"inLanguage":"en-GB","potentialAction":[{"@type":"ReadAction","target":["https:\/\/solaver.eu\/szallitasi-es-fizetesi-feltetelek\/"]}]},{"@type":"BreadcrumbList","@id":"https:\/\/solaver.eu\/szallitasi-es-fizetesi-feltetelek\/#breadcrumb","itemListElement":[{"@type":"ListItem","position":1,"name":"Kezd\u0151lap","item":"https:\/\/solaver.eu\/"},{"@type":"ListItem","position":2,"name":"Sz\u00e1ll\u00edt\u00e1si \u00e9s fizet\u00e9si felt\u00e9telek"}]},{"@type":"WebSite","@id":"https:\/\/solaver.eu\/#website","url":"https:\/\/solaver.eu\/","name":"Solaver Apartments","description":"My WordPress Blog","publisher":{"@id":"https:\/\/solaver.eu\/#organization"},"potentialAction":[{"@type":"SearchAction","target":{"@type":"EntryPoint","urlTemplate":"https:\/\/solaver.eu\/?s={search_term_string}"},"query-input":{"@type":"PropertyValueSpecification","valueRequired":true,"valueName":"search_term_string"}}],"inLanguage":"en-GB"},{"@type":"Organization","@id":"https:\/\/solaver.eu\/#organization","name":"Solaver Apartments","url":"https:\/\/solaver.eu\/","logo":{"@type":"ImageObject","inLanguage":"en-GB","@id":"https:\/\/solaver.eu\/#\/schema\/logo\/image\/","url":"https:\/\/solaver.eu\/wp-content\/uploads\/2025\/04\/image.png","contentUrl":"https:\/\/solaver.eu\/wp-content\/uploads\/2025\/04\/image.png","width":1024,"height":1024,"caption":"Solaver Apartments"},"image":{"@id":"https:\/\/solaver.eu\/#\/schema\/logo\/image\/"},"sameAs":["https:\/\/www.facebook.com\/profile.php?id=61571803616099"]}]}},"_links":{"self":[{"href":"https:\/\/solaver.eu\/en\/wp-json\/wp\/v2\/pages\/366","targetHints":{"allow":["GET"]}}],"collection":[{"href":"https:\/\/solaver.eu\/en\/wp-json\/wp\/v2\/pages"}],"about":[{"href":"https:\/\/solaver.eu\/en\/wp-json\/wp\/v2\/types\/page"}],"author":[{"embeddable":true,"href":"https:\/\/solaver.eu\/en\/wp-json\/wp\/v2\/users\/1"}],"replies":[{"embeddable":true,"href":"https:\/\/solaver.eu\/en\/wp-json\/wp\/v2\/comments?post=366"}],"version-history":[{"count":4,"href":"https:\/\/solaver.eu\/en\/wp-json\/wp\/v2\/pages\/366\/revisions"}],"predecessor-version":[{"id":564,"href":"https:\/\/solaver.eu\/en\/wp-json\/wp\/v2\/pages\/366\/revisions\/564"}],"wp:attachment":[{"href":"https:\/\/solaver.eu\/en\/wp-json\/wp\/v2\/media?parent=366"}],"curies":[{"name":"wp","href":"https:\/\/api.w.org\/{rel}","templated":true}]}}